{"id":51735,"date":"2025-07-21T14:15:38","date_gmt":"2025-07-21T12:15:38","guid":{"rendered":"https:\/\/www.montresalafrancaise.fr\/?post_type=product&#038;p=51735"},"modified":"2025-10-09T15:28:55","modified_gmt":"2025-10-09T13:28:55","slug":"thunder-ocean-ceramique-noire","status":"publish","type":"product","link":"https:\/\/www.montresalafrancaise.fr\/en\/produit\/thunder-ocean-ceramique-noire\/","title":{"rendered":"Thunder Ocean &#8211; C\u00e9ramique noire"},"content":{"rendered":"","protected":false},"excerpt":{"rendered":"","protected":false},"featured_media":51892,"comment_status":"open","ping_status":"closed","template":"","meta":{"_acf_changed":false},"product-brand":[1522],"product_brand":[],"product_cat":[16],"product_tag":[],"class_list":{"0":"post-51735","1":"product","2":"type-product","3":"status-publish","4":"has-post-thumbnail","6":"product-brand-pure","7":"product_cat-non-classe","8":"pa_price-range-766","10":"first","11":"instock","12":"shipping-taxable","13":"product-type-simple"},"acf":[],"yoast_head":"<!-- This site is optimized with the Yoast SEO plugin v27.1.1 - https:\/\/yoast.com\/product\/yoast-seo-wordpress\/ -->\n<title>Thunder Ocean - C\u00e9ramique noire - Montres \u00e0 la fran\u00e7aise<\/title>\n<meta name=\"robots\" content=\"index, follow, max-snippet:-1, max-image-preview:large, max-video-preview:-1\" \/>\n<link rel=\"canonical\" href=\"https:\/\/www.montresalafrancaise.fr\/en\/produit\/thunder-ocean-ceramique-noire\/\" \/>\n<meta property=\"og:locale\" content=\"en_US\" \/>\n<meta property=\"og:type\" content=\"article\" \/>\n<meta property=\"og:title\" content=\"Thunder Ocean - C\u00e9ramique noire - Montres \u00e0 la fran\u00e7aise\" \/>\n<meta property=\"og:url\" content=\"https:\/\/www.montresalafrancaise.fr\/en\/produit\/thunder-ocean-ceramique-noire\/\" \/>\n<meta property=\"og:site_name\" content=\"Montres \u00e0 la fran\u00e7aise\" \/>\n<meta property=\"article:modified_time\" content=\"2025-10-09T13:28:55+00:00\" \/>\n<meta property=\"og:image\" content=\"https:\/\/www.montresalafrancaise.fr\/wp-content\/uploads\/2025\/07\/RR01CV_20250927_171418_0000-scaled.png\" \/>\n\t<meta property=\"og:image:width\" content=\"2048\" \/>\n\t<meta property=\"og:image:height\" content=\"2048\" \/>\n\t<meta property=\"og:image:type\" content=\"image\/png\" \/>\n<meta name=\"twitter:card\" content=\"summary_large_image\" \/>\n<meta name=\"twitter:label1\" content=\"Est. reading time\" \/>\n\t<meta name=\"twitter:data1\" content=\"1 minute\" \/>\n<script type=\"application\/ld+json\" class=\"yoast-schema-graph\">{\"@context\":\"https:\/\/schema.org\",\"@graph\":[{\"@type\":\"WebPage\",\"@id\":\"https:\/\/www.montresalafrancaise.fr\/en\/produit\/thunder-ocean-ceramique-noire\/\",\"url\":\"https:\/\/www.montresalafrancaise.fr\/en\/produit\/thunder-ocean-ceramique-noire\/\",\"name\":\"Thunder Ocean - C\u00e9ramique noire - Montres \u00e0 la fran\u00e7aise\",\"isPartOf\":{\"@id\":\"https:\/\/www.montresalafrancaise.fr\/en\/#website\"},\"primaryImageOfPage\":{\"@id\":\"https:\/\/www.montresalafrancaise.fr\/en\/produit\/thunder-ocean-ceramique-noire\/#primaryimage\"},\"image\":{\"@id\":\"https:\/\/www.montresalafrancaise.fr\/en\/produit\/thunder-ocean-ceramique-noire\/#primaryimage\"},\"thumbnailUrl\":\"https:\/\/www.montresalafrancaise.fr\/wp-content\/uploads\/2025\/07\/RR01CV_20250927_171418_0000-scaled.png\",\"datePublished\":\"2025-07-21T12:15:38+00:00\",\"dateModified\":\"2025-10-09T13:28:55+00:00\",\"breadcrumb\":{\"@id\":\"https:\/\/www.montresalafrancaise.fr\/en\/produit\/thunder-ocean-ceramique-noire\/#breadcrumb\"},\"inLanguage\":\"en-US\",\"potentialAction\":[{\"@type\":\"ReadAction\",\"target\":[\"https:\/\/www.montresalafrancaise.fr\/en\/produit\/thunder-ocean-ceramique-noire\/\"]}]},{\"@type\":\"ImageObject\",\"inLanguage\":\"en-US\",\"@id\":\"https:\/\/www.montresalafrancaise.fr\/en\/produit\/thunder-ocean-ceramique-noire\/#primaryimage\",\"url\":\"https:\/\/www.montresalafrancaise.fr\/wp-content\/uploads\/2025\/07\/RR01CV_20250927_171418_0000-scaled.png\",\"contentUrl\":\"https:\/\/www.montresalafrancaise.fr\/wp-content\/uploads\/2025\/07\/RR01CV_20250927_171418_0000-scaled.png\",\"width\":2048,\"height\":2048},{\"@type\":\"BreadcrumbList\",\"@id\":\"https:\/\/www.montresalafrancaise.fr\/en\/produit\/thunder-ocean-ceramique-noire\/#breadcrumb\",\"itemListElement\":[{\"@type\":\"ListItem\",\"position\":1,\"name\":\"Accueil\",\"item\":\"https:\/\/www.montresalafrancaise.fr\/en\/\"},{\"@type\":\"ListItem\",\"position\":2,\"name\":\"PURE\",\"item\":\"https:\/\/www.montresalafrancaise.fr\/brands\/pure\/\"},{\"@type\":\"ListItem\",\"position\":3,\"name\":\"Thunder Ocean &#8211; C\u00e9ramique noire\"}]},{\"@type\":\"WebSite\",\"@id\":\"https:\/\/www.montresalafrancaise.fr\/en\/#website\",\"url\":\"https:\/\/www.montresalafrancaise.fr\/en\/\",\"name\":\"Montres \u00e0 la fran\u00e7aise\",\"description\":\"\",\"publisher\":{\"@id\":\"https:\/\/www.montresalafrancaise.fr\/en\/#organization\"},\"potentialAction\":[{\"@type\":\"SearchAction\",\"target\":{\"@type\":\"EntryPoint\",\"urlTemplate\":\"https:\/\/www.montresalafrancaise.fr\/en\/?s={search_term_string}\"},\"query-input\":{\"@type\":\"PropertyValueSpecification\",\"valueRequired\":true,\"valueName\":\"search_term_string\"}}],\"inLanguage\":\"en-US\"},{\"@type\":\"Organization\",\"@id\":\"https:\/\/www.montresalafrancaise.fr\/en\/#organization\",\"name\":\"Montres \u00e0 la fran\u00e7aise\",\"url\":\"https:\/\/www.montresalafrancaise.fr\/en\/\",\"logo\":{\"@type\":\"ImageObject\",\"inLanguage\":\"en-US\",\"@id\":\"https:\/\/www.montresalafrancaise.fr\/en\/#\/schema\/logo\/image\/\",\"url\":\"https:\/\/www.montresalafrancaise.fr\/wp-content\/uploads\/2025\/01\/cropped-logo-le-collectif-montres-a-la-francaise.png\",\"contentUrl\":\"https:\/\/www.montresalafrancaise.fr\/wp-content\/uploads\/2025\/01\/cropped-logo-le-collectif-montres-a-la-francaise.png\",\"width\":2000,\"height\":1732,\"caption\":\"Montres \u00e0 la fran\u00e7aise\"},\"image\":{\"@id\":\"https:\/\/www.montresalafrancaise.fr\/en\/#\/schema\/logo\/image\/\"}}]}<\/script>\n<!-- \/ Yoast SEO plugin. -->","yoast_head_json":{"title":"Thunder Ocean - C\u00e9ramique noire - Montres \u00e0 la fran\u00e7aise","robots":{"index":"index","follow":"follow","max-snippet":"max-snippet:-1","max-image-preview":"max-image-preview:large","max-video-preview":"max-video-preview:-1"},"canonical":"https:\/\/www.montresalafrancaise.fr\/en\/produit\/thunder-ocean-ceramique-noire\/","og_locale":"en_US","og_type":"article","og_title":"Thunder Ocean - C\u00e9ramique noire - Montres \u00e0 la fran\u00e7aise","og_url":"https:\/\/www.montresalafrancaise.fr\/en\/produit\/thunder-ocean-ceramique-noire\/","og_site_name":"Montres \u00e0 la fran\u00e7aise","article_modified_time":"2025-10-09T13:28:55+00:00","og_image":[{"width":2048,"height":2048,"url":"https:\/\/www.montresalafrancaise.fr\/wp-content\/uploads\/2025\/07\/RR01CV_20250927_171418_0000-scaled.png","type":"image\/png"}],"twitter_card":"summary_large_image","twitter_misc":{"Est. reading time":"1 minute"},"schema":{"@context":"https:\/\/schema.org","@graph":[{"@type":"WebPage","@id":"https:\/\/www.montresalafrancaise.fr\/en\/produit\/thunder-ocean-ceramique-noire\/","url":"https:\/\/www.montresalafrancaise.fr\/en\/produit\/thunder-ocean-ceramique-noire\/","name":"Thunder Ocean - C\u00e9ramique noire - Montres \u00e0 la fran\u00e7aise","isPartOf":{"@id":"https:\/\/www.montresalafrancaise.fr\/en\/#website"},"primaryImageOfPage":{"@id":"https:\/\/www.montresalafrancaise.fr\/en\/produit\/thunder-ocean-ceramique-noire\/#primaryimage"},"image":{"@id":"https:\/\/www.montresalafrancaise.fr\/en\/produit\/thunder-ocean-ceramique-noire\/#primaryimage"},"thumbnailUrl":"https:\/\/www.montresalafrancaise.fr\/wp-content\/uploads\/2025\/07\/RR01CV_20250927_171418_0000-scaled.png","datePublished":"2025-07-21T12:15:38+00:00","dateModified":"2025-10-09T13:28:55+00:00","breadcrumb":{"@id":"https:\/\/www.montresalafrancaise.fr\/en\/produit\/thunder-ocean-ceramique-noire\/#breadcrumb"},"inLanguage":"en-US","potentialAction":[{"@type":"ReadAction","target":["https:\/\/www.montresalafrancaise.fr\/en\/produit\/thunder-ocean-ceramique-noire\/"]}]},{"@type":"ImageObject","inLanguage":"en-US","@id":"https:\/\/www.montresalafrancaise.fr\/en\/produit\/thunder-ocean-ceramique-noire\/#primaryimage","url":"https:\/\/www.montresalafrancaise.fr\/wp-content\/uploads\/2025\/07\/RR01CV_20250927_171418_0000-scaled.png","contentUrl":"https:\/\/www.montresalafrancaise.fr\/wp-content\/uploads\/2025\/07\/RR01CV_20250927_171418_0000-scaled.png","width":2048,"height":2048},{"@type":"BreadcrumbList","@id":"https:\/\/www.montresalafrancaise.fr\/en\/produit\/thunder-ocean-ceramique-noire\/#breadcrumb","itemListElement":[{"@type":"ListItem","position":1,"name":"Accueil","item":"https:\/\/www.montresalafrancaise.fr\/en\/"},{"@type":"ListItem","position":2,"name":"PURE","item":"https:\/\/www.montresalafrancaise.fr\/brands\/pure\/"},{"@type":"ListItem","position":3,"name":"Thunder Ocean &#8211; C\u00e9ramique noire"}]},{"@type":"WebSite","@id":"https:\/\/www.montresalafrancaise.fr\/en\/#website","url":"https:\/\/www.montresalafrancaise.fr\/en\/","name":"Montres \u00e0 la fran\u00e7aise","description":"","publisher":{"@id":"https:\/\/www.montresalafrancaise.fr\/en\/#organization"},"potentialAction":[{"@type":"SearchAction","target":{"@type":"EntryPoint","urlTemplate":"https:\/\/www.montresalafrancaise.fr\/en\/?s={search_term_string}"},"query-input":{"@type":"PropertyValueSpecification","valueRequired":true,"valueName":"search_term_string"}}],"inLanguage":"en-US"},{"@type":"Organization","@id":"https:\/\/www.montresalafrancaise.fr\/en\/#organization","name":"Montres \u00e0 la fran\u00e7aise","url":"https:\/\/www.montresalafrancaise.fr\/en\/","logo":{"@type":"ImageObject","inLanguage":"en-US","@id":"https:\/\/www.montresalafrancaise.fr\/en\/#\/schema\/logo\/image\/","url":"https:\/\/www.montresalafrancaise.fr\/wp-content\/uploads\/2025\/01\/cropped-logo-le-collectif-montres-a-la-francaise.png","contentUrl":"https:\/\/www.montresalafrancaise.fr\/wp-content\/uploads\/2025\/01\/cropped-logo-le-collectif-montres-a-la-francaise.png","width":2000,"height":1732,"caption":"Montres \u00e0 la fran\u00e7aise"},"image":{"@id":"https:\/\/www.montresalafrancaise.fr\/en\/#\/schema\/logo\/image\/"}}]}},"_links":{"self":[{"href":"https:\/\/www.montresalafrancaise.fr\/en\/wp-json\/wp\/v2\/product\/51735","targetHints":{"allow":["GET"]}}],"collection":[{"href":"https:\/\/www.montresalafrancaise.fr\/en\/wp-json\/wp\/v2\/product"}],"about":[{"href":"https:\/\/www.montresalafrancaise.fr\/en\/wp-json\/wp\/v2\/types\/product"}],"replies":[{"embeddable":true,"href":"https:\/\/www.montresalafrancaise.fr\/en\/wp-json\/wp\/v2\/comments?post=51735"}],"wp:featuredmedia":[{"embeddable":true,"href":"https:\/\/www.montresalafrancaise.fr\/en\/wp-json\/wp\/v2\/media\/51892"}],"wp:attachment":[{"href":"https:\/\/www.montresalafrancaise.fr\/en\/wp-json\/wp\/v2\/media?parent=51735"}],"wp:term":[{"taxonomy":"product-brand","embeddable":true,"href":"https:\/\/www.montresalafrancaise.fr\/en\/wp-json\/wp\/v2\/product-brand?post=51735"},{"taxonomy":"product_brand","embeddable":true,"href":"https:\/\/www.montresalafrancaise.fr\/en\/wp-json\/wp\/v2\/product_brand?post=51735"},{"taxonomy":"product_cat","embeddable":true,"href":"https:\/\/www.montresalafrancaise.fr\/en\/wp-json\/wp\/v2\/product_cat?post=51735"},{"taxonomy":"product_tag","embeddable":true,"href":"https:\/\/www.montresalafrancaise.fr\/en\/wp-json\/wp\/v2\/product_tag?post=51735"}],"curies":[{"name":"wp","href":"https:\/\/api.w.org\/{rel}","templated":true}]}}